{"id":9,"date":"2021-07-20T09:30:08","date_gmt":"2021-07-20T09:30:08","guid":{"rendered":"https:\/\/gaussplatform.com\/es\/?page_id=9"},"modified":"2025-02-26T14:19:04","modified_gmt":"2025-02-26T14:19:04","slug":"solutions-google","status":"publish","type":"page","link":"https:\/\/gaussplatform.com\/fr\/solutions-google\/","title":{"rendered":"Solutions Google"},"content":{"rendered":"\n<div class=\"wp-block-group\"><div class=\"wp-block-group__inner-container\">\n<div class=\"wp-block-cover\"><img loading=\"lazy\" width=\"1440\" height=\"512\" class=\"wp-block-cover__image-background wp-image-90\" alt=\"\" src=\"https:\/\/gaussplatform.com\/es\/wp-content\/uploads\/sites\/5\/2021\/08\/img-hero-fb-solutions.jpg\" data-object-fit=\"cover\"\/><div class=\"wp-block-cover__inner-container\">\n<figure class=\"wp-block-image size-full is-resized container\"><img loading=\"lazy\" src=\"https:\/\/gaussplatform.com\/es\/wp-content\/uploads\/sites\/5\/2021\/08\/google_marketing_platform.png\" alt=\"Partner Google\" class=\"wp-image-171\" width=\"180\" height=\"63\"\/><\/figure>\n\n\n\n<h1 class=\"has-text-align-left container\">Solutions technologiques pour aider \u00e0 atteindre les objectifs de marketing et de vente<\/h1>\n<\/div><\/div>\n<\/div><\/div>\n\n\n\n<div class=\"wp-block-group float-up\"><div class=\"wp-block-group__inner-container\">\n<div class=\"wp-block-columns\">\n<div class=\"wp-block-column\">\n<figure class=\"wp-block-image size-full\"><img loading=\"lazy\" width=\"678\" height=\"366\" src=\"https:\/\/gaussplatform.com\/es\/wp-content\/uploads\/sites\/5\/2021\/08\/gmp.png\" alt=\"Google Marketing Platform\" class=\"wp-image-168\"\/><\/figure>\n<\/div>\n\n\n\n<div class=\"wp-block-column is-vertically-aligned-center thin\">\n<h2 class=\"h3 mb-30\">Entreprise et partenaires commerciaux certifi\u00e9s Google Marketing Platform<\/h2>\n\n\n\n<p>Vous avez besoin d\u2019une solution globale, nous avons les ressources et l\u2019exp\u00e9rience dont vous avez besoin pour vous aider \u00e0 atteindre vos objectifs marketing et commerciaux.<\/p>\n\n\n\n<p class=\"external-link\"><a href=\"https:\/\/gaussplatform.com\/fr\/#form\"><strong>Contactez notre \u00e9quipe<\/strong><\/a><\/p>\n<\/div>\n<\/div>\n<\/div><\/div>\n\n\n\n<div class=\"wp-block-group module-soluciones container mt-big\"><div class=\"wp-block-group__inner-container\">\n<div class=\"wp-block-columns\">\n<div class=\"wp-block-column\">\n<div class=\"wp-block-group\"><div class=\"wp-block-group__inner-container\">\n<div class=\"wp-block-group\"><div class=\"wp-block-group__inner-container\">\n<figure class=\"wp-block-image size-full is-resized is-style-default\"><img loading=\"lazy\" src=\"https:\/\/storage.googleapis.com\/gauss--corp-web--static--pro--storage--bc35\/wp-content\/uploads\/planificacion.png\" alt=\"\" class=\"wp-image-545\" width=\"54\" height=\"54\" style=\"border-radius:0px;\"><\/figure>\n\n\n\n<h2 class=\"h1\">OptiPhi<\/h2>\n\n\n\n<p><meta charset=\"utf-8\">L&#8217;allocation du budget m\u00e9dia s&#8217;appuie sur un cadre de mesure complet qui permet d&#8217;augmenter les ventes.<\/p>\n\n\n\n<p class=\"external-link\"><a href=\"https:\/\/storage.googleapis.com\/gauss--corp-web--static--pro--storage--bc35\/wp-content\/uploads\/Onepager_OptiPhi_EN.pdf\" target=\"_blank\" rel=\"noopener\"><strong>Lire la suite<\/strong><\/a><a href=\"https:\/\/gaussplatform.com\/optiphi\/\" target=\"_blank\" rel=\"noopener\"><strong>Website<\/strong><\/a><button data-video=\"4qQ13LuscD4?si=XeMu-wCwyGuQmP5g\">Ouvrir la Vid\u00e9o<\/button><\/p>\n<\/div><\/div>\n<\/div><\/div>\n<\/div>\n\n\n\n<div class=\"wp-block-column\">\n<div class=\"wp-block-group\"><div class=\"wp-block-group__inner-container\">\n<figure class=\"wp-block-image size-large is-resized\"><img loading=\"lazy\" src=\"https:\/\/storage.googleapis.com\/gauss--corp-web--static--pro--storage--bc35\/wp-content\/uploads\/BrandMax-edited-1024x576.png\" alt=\"\" class=\"wp-image-500\" width=\"96\" height=\"54\"\/><\/figure>\n\n\n\n<h2 class=\"h1\">BrandMax<\/h2>\n\n\n\n<p><meta charset=\"utf-8\">BrandMax, une solution innovante pour DV360, red\u00e9finit les possibilit\u00e9s de branding en int\u00e9grant la technologie Custom Bidding \u00e0 l&#8217;optimisation de la valeur utilisateur.<\/p>\n\n\n\n<p class=\"external-link\"><a href=\"https:\/\/storage.googleapis.com\/gauss--corp-web--static--pro--storage--bc35\/wp-content\/uploads\/Onepager_Gauss-BrandMax_EN.pdf\" target=\"_blank\" rel=\"noopener\"><strong>Lire la suite<\/strong><\/a><\/p>\n<\/div><\/div>\n<\/div>\n<\/div>\n\n\n\n<div class=\"wp-block-columns\">\n<div class=\"wp-block-column\">\n<div class=\"wp-block-group\"><div class=\"wp-block-group__inner-container\">\n<div class=\"wp-block-group\"><div class=\"wp-block-group__inner-container\">\n<figure class=\"wp-block-image size-large is-resized\"><img loading=\"lazy\" src=\"https:\/\/cdn-icons-png.flaticon.com\/512\/3696\/3696968.png\" alt=\"\" width=\"55\" height=\"55\"\/><\/figure>\n\n\n\n<h2 class=\"h1\" style=\"font-size:2.5em;line-height:1.2em;\"><meta charset=\"utf-8\"><meta charset=\"utf-8\">Gauss Cookie Deprecation Impact Tool<\/h2>\n\n\n\n<p><meta charset=\"utf-8\">L&#8217;outil Gauss Cookie Deprecation Impact Tool utilise une combinaison de technologies et de techniques d&#8217;analyse de donn\u00e9es propres pour fournir aux entreprises des informations pr\u00e9cises et actualis\u00e9es sur l&#8217;impact de la d\u00e9pr\u00e9ciation des cookies tiers. Il est temps d&#8217;agir, 30% de vos conversions sont perdues \u00e0 cause de la d\u00e9pr\u00e9ciation des cookies !<\/p>\n\n\n\n<p class=\"external-link\">\n<a href=\"https:\/\/storage.googleapis.com\/gauss--corp-web--static--pro--storage--bc35\/wp-content\/uploads\/Onepager_Gauss-Cookie-Deprecation-Impact-Tool_EN.pdf\" target=\"_blank\" rel=\"noopener\"><strong>Lire la suite<\/strong><\/a>      <a href=\"https:\/\/www.makingscience.com\/gauss-cookie-deprecation-impact-tool\/\" target=\"_blank\" rel=\"noopener\"><strong>Website<\/strong><\/a>\n    <button data-video=\"s0Np96T9E9g?si=LN8_6QUjairGsCHt\">Ouvrir la Vid\u00e9o<\/button>\n\n<\/p>\n<\/div><\/div>\n<\/div><\/div>\n<\/div>\n\n\n\n<div class=\"wp-block-column\">\n<div class=\"wp-block-group\"><div class=\"wp-block-group__inner-container\">\n<figure class=\"wp-block-image size-large is-resized\"><img loading=\"lazy\" src=\"https:\/\/storage.googleapis.com\/gauss--corp-web--static--pro--storage--bc35\/wp-content\/uploads\/Smart-Advertising-e1738925779811.png\" alt=\"\" width=\"55\" height=\"55\"\/><\/figure>\n\n\n\n<h2 class=\"h1\">Smart Advertising<\/h2>\n\n\n\n<p>L\u2019intelligence artificielle appliqu\u00e9e \u00e0 l\u2019optimisation des investissements dans Google Ads.<\/p>\n\n\n\n<p>Optimisez vos campagnes de publicit\u00e9 num\u00e9rique gr\u00e2ce \u00e0 une connaissance approfondie de l\u2019acheteur, bas\u00e9e sur les First Party Data, et \u00e0 l\u2019apprentissage automatique, qui enrichit en temps r\u00e9el les audiences que vous priorisez dans vos campagnes Google.<\/p>\n\n\n\n<p class=\"external-link\">\n<a href=\"https:\/\/storage.googleapis.com\/gauss--corp-web--static--pro--storage--bc35\/wp-content\/uploads\/Onepager_Gauss-Smart-Advertising_EN.pdf\" target=\"_blank\" rel=\"noopener\"><strong>Lire la suite<\/strong><\/a>      \n    <button data-video=\"L9iX7CFLUXE?si=mOrCyz632txZhgcn\">Ouvrir la Vid\u00e9o<\/button>\n\n<\/p>\n<\/div><\/div>\n<\/div>\n<\/div>\n\n\n\n<div class=\"wp-block-columns\">\n<div class=\"wp-block-column\">\n<div class=\"wp-block-group\"><div class=\"wp-block-group__inner-container\">\n<figure class=\"wp-block-image size-full is-resized\"><img loading=\"lazy\" src=\"https:\/\/storage.googleapis.com\/gauss--corp-web--static--pro--storage--bc35\/wp-content\/uploads\/Data-Quality.png\" alt=\"\" class=\"wp-image-510\" width=\"41\" height=\"41\"\/><\/figure>\n\n\n\n<h2 class=\"h1\">Data Quality<\/h2>\n\n\n\n<p>Recevez des alertes en temps r\u00e9el sur les \u00e9v\u00e9nements pertinents de votre site web pour vous aider \u00e0 r\u00e9soudre les incidents et ainsi minimiser l\u2019impact sur votre entreprise. Surveillez, dans un seul panneau de contr\u00f4le, les informations provenant des outils de mesure des diff\u00e9rentes plateformes et comparez-les avec notre propre outil pour voir les divergences.<\/p>\n\n\n\n<p class=\"external-link\">\n<a href=\"https:\/\/storage.googleapis.com\/gauss--corp-web--static--pro--storage--bc35\/wp-content\/uploads\/Onepager_Gauss-Data-Quality_EN.pdf\" target=\"_blank\" rel=\"noopener\"><strong>Lire la suite<\/strong><\/a>      \n    <button data-video=\"G9pWRuO89nI?si=j1g6m-nfln8kEfz3\">Ouvrir la Vid\u00e9o<\/button>\n\n<\/p>\n<\/div><\/div>\n<\/div>\n\n\n\n<div class=\"wp-block-column\">\n<div class=\"wp-block-group\"><div class=\"wp-block-group__inner-container\">\n<figure class=\"wp-block-image size-full is-resized is-style-rounded\"><img loading=\"lazy\" src=\"https:\/\/storage.googleapis.com\/gauss--corp-web--static--pro--storage--bc35\/wp-content\/uploads\/Offline-Data-Connection.png\" alt=\"\" class=\"wp-image-513\" width=\"44\" height=\"27\"\/><\/figure>\n\n\n\n<h2 class=\"h1\">Offline Data Connection<\/h2>\n\n\n\n<p>Activez vos donn\u00e9es hors ligne sur les plateformes de marketing automatiquement et en temps r\u00e9el, en obtenant une vue compl\u00e8te du parcours du client et en optimisant vos campagnes \u00e0 l\u2019\u00e9tape de l\u2019entonnoir o\u00f9 se trouve votre cible de valeur.<\/p>\n\n\n\n<p class=\"external-link\">\n<a href=\"https:\/\/storage.googleapis.com\/gauss--corp-web--static--pro--storage--bc35\/wp-content\/uploads\/Onepager_Gauss-Offline-Data-Connection_EN.pdf\" target=\"_blank\" rel=\"noopener\"><strong>Lire la suite<\/strong><\/a>      \n\n<\/p>\n<\/div><\/div>\n\n\n\n<p><\/p>\n<\/div>\n<\/div>\n\n\n\n<div class=\"wp-block-columns\">\n<div class=\"wp-block-column\">\n<div class=\"wp-block-group\"><div class=\"wp-block-group__inner-container\">\n<figure class=\"wp-block-image size-full is-resized is-style-default\"><img loading=\"lazy\" src=\"https:\/\/storage.googleapis.com\/gauss--corp-web--static--pro--storage--bc35\/wp-content\/uploads\/TV.png\" alt=\"\" class=\"wp-image-516\" width=\"44\" height=\"27\"\/><\/figure>\n\n\n\n<h2 class=\"h1\">TV<\/h2>\n\n\n\n<p>Gauss TV est une plateforme qui permet une planification et un reporting int\u00e9gr\u00e9s des campagnes de t\u00e9l\u00e9vision lin\u00e9aire et connect\u00e9e. Gr\u00e2ce \u00e0 elle, vous pouvez facilement planifier, mesurer et optimiser vos campagnes.<\/p>\n\n\n\n<p class=\"external-link\">\n<a href=\"https:\/\/storage.googleapis.com\/gauss--corp-web--static--pro--storage--bc35\/wp-content\/uploads\/Onepager_Gauss-TV_EN.pdf\" target=\"_blank\" rel=\"noopener\"><strong>Lire la suite<\/strong><\/a>\n    <button data-video=\"kfhVomYrM5k?si=pKOqK8Lplx4mRUI4\">Ouvrir la Vid\u00e9o<\/button>\n\n<\/p>\n<\/div><\/div>\n<\/div>\n<\/div>\n<\/div><\/div>\n\n\n\n<style>\n        \/* Basic Styling *\/\n\n        .wp-block-group button {\n            padding: 10px 20px;\n            margin: 10px;\n            background-color: #0047fe; \/* Blue *\/\n            color: white;\n            border: none;\n            cursor: pointer;\n            border-radius: 5px; \/* Rounded corners *\/\n            transition: background-color 0.3s ease; \/* Smooth transition for hover effect *\/\n        }\n\n        .wp-block-group button:hover {\n            background-color: #f0076f; \/* Pink *\/\n        }\n\n        .modal_vid {\n            display: none; \/* Hidden by default *\/\n            position: fixed;\n            z-index: 1;\n            left: 0;\n            top: 0;\n            width: 100%;\n            height: 100%;\n            overflow: auto;\n            background-color: rgba(0, 0, 0, 0.4); \/* Semi-transparent black background *\/\n        }\n\n        .modal_vid-content {\n            background-color: #fefefe;\n            margin: 15% auto; \/* 15% from the top and centered *\/\n            padding: 5px;\n            border: 1px solid #888;\n            width: 80%; \/* Could be more or less *\/\n            max-width: 800px; \/* Limit the maximum width *\/\n            position: relative; \/* For positioning the close button *\/\n            border-radius: 5px; \/* Rounded corners *\/\n        }\n        .modal_vid-content iframe{\n            width: 100%;\n            aspect-ratio: 16\/9; \/* Maintain aspect ratio (important!) *\/\n        }\n\n        .close_vid {\n            position: absolute;\n            top: 10px;\n            right: 20px;\n            font-size: 30px;\n            font-weight: bold;\n            color: #fff;\n            cursor: pointer;\n        }\n    <\/style>\n    <div id=\"videoModal\" class=\"modal_vid\">\n        <div class=\"modal_vid-content\">\n            <span class=\"close_vid\">\u00d7<\/span>\n            <iframe id=\"youtubeVideo\" title=\"YouTube video player\" frameborder=\"0\" allow=\"accelerometer; autoplay; clipboard-write; encrypted-media; gyroscope; picture-in-picture\" allowfullscreen=\"\"><\/iframe>\n        <\/div>\n    <\/div>\n<script>\n        const modal = document.getElementById(\"videoModal\");\n        const modalContent = document.querySelector(\".modal_vid-content\");\n        const videoFrame = document.getElementById(\"youtubeVideo\");\n        const closeButton = document.querySelector(\".close_vid\");\n        const buttons = document.querySelectorAll(\"button\");\n\n        buttons.forEach(button => {\n            button.addEventListener(\"click\", () => {\n                const videoId = button.dataset.video;\n                videoFrame.src = `https:\/\/www.youtube.com\/embed\/${videoId}`; \/\/ Use embed URL\n                modal.style.display = \"block\";\n            });\n        });\n\n        closeButton.addEventListener(\"click\", () => {\n            modal.style.display = \"none\";\n            videoFrame.src = \"\"; \/\/ Stop video when closing\n        });\n\n        window.addEventListener(\"click\", (event) => {\n            if (event.target == modal) {\n                modal.style.display = \"none\";\n                videoFrame.src = \"\"; \/\/ Stop video if clicking outside modal content\n            }\n        });\n    <\/script>\n","protected":false},"excerpt":{"rendered":"<p>Entreprise et partenaires commerciaux certifi\u00e9s Google Marketing Platform Vous avez besoin d\u2019une solution globale, nous avons les ressources et l\u2019exp\u00e9rience dont vous avez besoin pour vous aider \u00e0 atteindre vos objectifs marketing et commerciaux. Contactez notre \u00e9quipe OptiPhi L&#8217;allocation du budget m\u00e9dia s&#8217;appuie sur un cadre de mesure complet qui permet d&#8217;augmenter les ventes. Lire [&hellip;]<\/p>\n","protected":false},"author":1,"featured_media":0,"parent":0,"menu_order":0,"comment_status":"closed","ping_status":"closed","template":"","meta":[],"_links":{"self":[{"href":"https:\/\/gaussplatform.com\/fr\/wp-json\/wp\/v2\/pages\/9"}],"collection":[{"href":"https:\/\/gaussplatform.com\/fr\/wp-json\/wp\/v2\/pages"}],"about":[{"href":"https:\/\/gaussplatform.com\/fr\/wp-json\/wp\/v2\/types\/page"}],"author":[{"embeddable":true,"href":"https:\/\/gaussplatform.com\/fr\/wp-json\/wp\/v2\/users\/1"}],"replies":[{"embeddable":true,"href":"https:\/\/gaussplatform.com\/fr\/wp-json\/wp\/v2\/comments?post=9"}],"version-history":[{"count":29,"href":"https:\/\/gaussplatform.com\/fr\/wp-json\/wp\/v2\/pages\/9\/revisions"}],"predecessor-version":[{"id":365,"href":"https:\/\/gaussplatform.com\/fr\/wp-json\/wp\/v2\/pages\/9\/revisions\/365"}],"wp:attachment":[{"href":"https:\/\/gaussplatform.com\/fr\/wp-json\/wp\/v2\/media?parent=9"}],"curies":[{"name":"wp","href":"https:\/\/api.w.org\/{rel}","templated":true}]}}