{"id":9,"date":"2021-07-20T09:30:08","date_gmt":"2021-07-20T09:30:08","guid":{"rendered":"https:\/\/gaussplatform.com\/es\/?page_id=9"},"modified":"2025-02-26T14:17:51","modified_gmt":"2025-02-26T14:17:51","slug":"soluciones-google","status":"publish","type":"page","link":"https:\/\/gaussplatform.com\/es\/soluciones-google\/","title":{"rendered":"Soluciones Google"},"content":{"rendered":"\n<div class=\"wp-block-group\"><div class=\"wp-block-group__inner-container\">\n<div class=\"wp-block-cover\"><img loading=\"lazy\" width=\"1440\" height=\"512\" class=\"wp-block-cover__image-background wp-image-90\" alt=\"\" src=\"https:\/\/gaussplatform.com\/es\/wp-content\/uploads\/sites\/2\/2021\/08\/img-hero-fb-solutions.jpg\" data-object-fit=\"cover\"\/><div class=\"wp-block-cover__inner-container\">\n<figure class=\"wp-block-image size-full is-resized container\"><img loading=\"lazy\" src=\"https:\/\/gaussplatform.com\/es\/wp-content\/uploads\/sites\/2\/2021\/08\/google_marketing_platform.png\" alt=\"Partner Google\" class=\"wp-image-171\" width=\"180\" height=\"63\"\/><\/figure>\n\n\n\n<h1 class=\"has-text-align-left container\">Soluciones tecnol\u00f3gicas que ayudan a alcanzar los objetivos de marketing y ventas<\/h1>\n<\/div><\/div>\n<\/div><\/div>\n\n\n\n<div class=\"wp-block-group float-up\"><div class=\"wp-block-group__inner-container\">\n<div class=\"wp-block-columns\">\n<div class=\"wp-block-column\">\n<figure class=\"wp-block-image size-full\"><img loading=\"lazy\" width=\"678\" height=\"366\" src=\"https:\/\/gaussplatform.com\/es\/wp-content\/uploads\/sites\/2\/2021\/08\/gmp.png\" alt=\"Google Marketing Platform\" class=\"wp-image-168\"\/><\/figure>\n<\/div>\n\n\n\n<div class=\"wp-block-column is-vertically-aligned-center thin\">\n<h2 class=\"h3 mb-30\">Socios de ventas y compa\u00f1\u00eda certificada de Google Marketing Platform <\/h2>\n\n\n\n<p>Tanto si necesitas ayuda con un proyecto como si necesitas una soluci\u00f3n global, tenemos los recursos y la experiencia que necesitas para ayudarte a lograr tus objetivos de marketing y ventas.<\/p>\n\n\n\n<p class=\"external-link\"><a href=\"https:\/\/gaussplatform.com\/es\/#form\"><strong>Contact us<\/strong><\/a><\/p>\n<\/div>\n<\/div>\n<\/div><\/div>\n\n\n\n<div class=\"wp-block-group module-soluciones container mt-big\"><div class=\"wp-block-group__inner-container\">\n<div class=\"wp-block-columns\">\n<div class=\"wp-block-column\">\n<div class=\"wp-block-group\"><div class=\"wp-block-group__inner-container\">\n<div class=\"wp-block-group\"><div class=\"wp-block-group__inner-container\">\n<figure class=\"wp-block-image size-full is-resized is-style-default\"><img loading=\"lazy\" src=\"https:\/\/storage.googleapis.com\/gauss--corp-web--static--pro--storage--bc35\/wp-content\/uploads\/planificacion.png\" alt=\"\" class=\"wp-image-545\" width=\"54\" height=\"54\" style=\"border-radius:0px;\"><\/figure>\n\n\n\n<h2 class=\"h1\">OptiPhi<\/h2>\n\n\n\n<p><meta charset=\"utf-8\">Asignaci\u00f3n de presupuestos a los medios de comunicaci\u00f3n basada en un marco de medici\u00f3n exhaustivo que permite incrementar las ventas.<\/p>\n\n\n\n<p class=\"external-link\"><a href=\"https:\/\/storage.googleapis.com\/gauss--corp-web--static--pro--storage--bc35\/wp-content\/uploads\/Onepager_OptiPhi_EN.pdf\" target=\"_blank\" rel=\"noopener\"><strong>Leer m\u00e1s<\/strong><\/a><a href=\"https:\/\/gaussplatform.com\/optiphi\/\" target=\"_blank\" rel=\"noopener\"><strong>Website<\/strong><\/a><button data-video=\"4qQ13LuscD4?si=XeMu-wCwyGuQmP5g\">Abrir Video<\/button><\/p>\n<\/div><\/div>\n<\/div><\/div>\n<\/div>\n\n\n\n<div class=\"wp-block-column\">\n<div class=\"wp-block-group\"><div class=\"wp-block-group__inner-container\">\n<figure class=\"wp-block-image size-large is-resized\"><img loading=\"lazy\" src=\"https:\/\/storage.googleapis.com\/gauss--corp-web--static--pro--storage--bc35\/wp-content\/uploads\/BrandMax-edited-1024x576.png\" alt=\"\" class=\"wp-image-500\" width=\"96\" height=\"54\"\/><\/figure>\n\n\n\n<h2 class=\"h1\">BrandMax<\/h2>\n\n\n\n<p><meta charset=\"utf-8\">BrandMax, una soluci\u00f3n innovadora para DV360, redefine las posibilidades del branding integrando la tecnolog\u00eda Custom Bidding con la optimizaci\u00f3n del valor para el usuario.<\/p>\n\n\n\n<p class=\"external-link\"><a href=\"https:\/\/storage.googleapis.com\/gauss--corp-web--static--pro--storage--bc35\/wp-content\/uploads\/Onepager_Gauss-BrandMax_EN.pdf\" target=\"_blank\" rel=\"noopener\"><strong>Leer m\u00e1s<\/strong><\/a><\/p>\n<\/div><\/div>\n<\/div>\n<\/div>\n\n\n\n<div class=\"wp-block-columns\">\n<div class=\"wp-block-column\">\n<div class=\"wp-block-group\"><div class=\"wp-block-group__inner-container\">\n<div class=\"wp-block-group\"><div class=\"wp-block-group__inner-container\">\n<figure class=\"wp-block-image size-large is-resized\"><img loading=\"lazy\" src=\"https:\/\/cdn-icons-png.flaticon.com\/512\/3696\/3696968.png\" alt=\"\" width=\"55\" height=\"55\"\/><\/figure>\n\n\n\n<h2 class=\"h1\" style=\"font-size:2.5em;line-height:1.2em;\"><meta charset=\"utf-8\"><meta charset=\"utf-8\">Gauss Cookie Deprecation Impact Tool<\/h2>\n\n\n\n<p><meta charset=\"utf-8\">Gauss Cookie Deprecation Impact Tool Utiliza una combinaci\u00f3n de tecnolog\u00edas y t\u00e9cnicas propias de an\u00e1lisis de datos para proporcionar a las empresas informaci\u00f3n precisa y actualizada sobre el impacto de la eliminaci\u00f3n de cookies de terceros. Es hora de actuar, \u00a1el 30% de sus conversiones se pierden debido a la eliminaci\u00f3n de las cookies!<\/p>\n\n\n\n<p class=\"external-link\">\n<a href=\"https:\/\/storage.googleapis.com\/gauss--corp-web--static--pro--storage--bc35\/wp-content\/uploads\/Onepager_Gauss-Cookie-Deprecation-Impact-Tool_EN.pdf\" target=\"_blank\" rel=\"noopener\"><strong>Leer m\u00e1s<\/strong><\/a>      <a href=\"https:\/\/www.makingscience.com\/gauss-cookie-deprecation-impact-tool\/\" target=\"_blank\" rel=\"noopener\"><strong>Website<\/strong><\/a>\n    <button data-video=\"s0Np96T9E9g?si=LN8_6QUjairGsCHt\">Abrir Video<\/button>\n\n<\/p>\n<\/div><\/div>\n<\/div><\/div>\n<\/div>\n\n\n\n<div class=\"wp-block-column\">\n<div class=\"wp-block-group\"><div class=\"wp-block-group__inner-container\">\n<figure class=\"wp-block-image size-large is-resized\"><img loading=\"lazy\" src=\"https:\/\/storage.googleapis.com\/gauss--corp-web--static--pro--storage--bc35\/wp-content\/uploads\/Smart-Advertising-e1738925779811.png\" alt=\"\" width=\"55\" height=\"55\"\/><\/figure>\n\n\n\n<h2 class=\"h1\">Smart Advertising<\/h2>\n\n\n\n<p>Inteligencia artificial aplicada a la optimizaci\u00f3n de la inversi\u00f3n en Google Ads.<\/p>\n\n\n\n<p>Optimizar las campa\u00f1as de publicidad digital a trav\u00e9s de un conocimiento m\u00e1s profundo del comprador, basado en First Party Data, y machine learning, que enriquece en tiempo real las audiencias a las que priorizas en tus campa\u00f1as de Google.<\/p>\n\n\n\n<p class=\"external-link\">\n<a href=\"https:\/\/storage.googleapis.com\/gauss--corp-web--static--pro--storage--bc35\/wp-content\/uploads\/Onepager_Gauss-Smart-Advertising_EN.pdf\" target=\"_blank\" rel=\"noopener\"><strong>Leer m\u00e1s<\/strong><\/a>      \n    <button data-video=\"L9iX7CFLUXE?si=mOrCyz632txZhgcn\">Abrir Video<\/button>\n\n<\/p>\n<\/div><\/div>\n<\/div>\n<\/div>\n\n\n\n<div class=\"wp-block-columns\">\n<div class=\"wp-block-column\">\n<div class=\"wp-block-group\"><div class=\"wp-block-group__inner-container\">\n<figure class=\"wp-block-image size-full is-resized\"><img loading=\"lazy\" src=\"https:\/\/storage.googleapis.com\/gauss--corp-web--static--pro--storage--bc35\/wp-content\/uploads\/Data-Quality.png\" alt=\"\" class=\"wp-image-510\" width=\"41\" height=\"41\"\/><\/figure>\n\n\n\n<h2 class=\"h1\">Data Quality<\/h2>\n\n\n\n<p>Recibe alertas en tiempo real de eventos relevantes de tu web, que te ayuden a resolver incidencias minimizando el impacto en tu negocio. Monitoriza en un \u00fanico panel de control, la informaci\u00f3n proveniente de las diferentes herramientas de medici\u00f3n de las plataformas y comp\u00e1rala con nuestra propia herramienta para ver discrepancias.<\/p>\n\n\n\n<p class=\"external-link\">\n<a href=\"https:\/\/storage.googleapis.com\/gauss--corp-web--static--pro--storage--bc35\/wp-content\/uploads\/Onepager_Gauss-Data-Quality_EN.pdf\" target=\"_blank\" rel=\"noopener\"><strong>Leer m\u00e1s<\/strong><\/a>      \n    <button data-video=\"G9pWRuO89nI?si=j1g6m-nfln8kEfz3\">Abrir Video<\/button>\n\n<\/p>\n<\/div><\/div>\n<\/div>\n\n\n\n<div class=\"wp-block-column\">\n<div class=\"wp-block-group\"><div class=\"wp-block-group__inner-container\">\n<figure class=\"wp-block-image size-full is-resized is-style-rounded\"><img loading=\"lazy\" src=\"https:\/\/storage.googleapis.com\/gauss--corp-web--static--pro--storage--bc35\/wp-content\/uploads\/Offline-Data-Connection.png\" alt=\"\" class=\"wp-image-513\" width=\"44\" height=\"27\"\/><\/figure>\n\n\n\n<h2 class=\"h1\">Offline Data Connection<\/h2>\n\n\n\n<p>Activa tus datos offline en plataformas de marketing de forma autom\u00e1tica y en tiempo real, alcanzando una visi\u00f3n completa del recorrido del cliente y optimizando tus campa\u00f1as a la fase del funnel en la que se encuentra tu target de valor.<\/p>\n\n\n\n<p class=\"external-link\">\n<a href=\"https:\/\/storage.googleapis.com\/gauss--corp-web--static--pro--storage--bc35\/wp-content\/uploads\/Onepager_Gauss-Offline-Data-Connection_EN.pdf\" target=\"_blank\" rel=\"noopener\"><strong>Leer m\u00e1s<\/strong><\/a>      \n\n<\/p>\n<\/div><\/div>\n\n\n\n<p><\/p>\n<\/div>\n<\/div>\n\n\n\n<div class=\"wp-block-columns\">\n<div class=\"wp-block-column\">\n<div class=\"wp-block-group\"><div class=\"wp-block-group__inner-container\">\n<figure class=\"wp-block-image size-full is-resized is-style-default\"><img loading=\"lazy\" src=\"https:\/\/storage.googleapis.com\/gauss--corp-web--static--pro--storage--bc35\/wp-content\/uploads\/TV.png\" alt=\"\" class=\"wp-image-516\" width=\"44\" height=\"27\"\/><\/figure>\n\n\n\n<h2 class=\"h1\">TV<\/h2>\n\n\n\n<p>Gauss TV es una plataforma que permite la planificaci\u00f3n integrada y la elaboraci\u00f3n de informes de campa\u00f1as de televisi\u00f3n lineal y conectada. Con ella, puedes planificar, medir y optimizar f\u00e1cilmente tus campa\u00f1as.<\/p>\n\n\n\n<p class=\"external-link\">\n<a href=\"https:\/\/storage.googleapis.com\/gauss--corp-web--static--pro--storage--bc35\/wp-content\/uploads\/Onepager_Gauss-TV_EN.pdf\" target=\"_blank\" rel=\"noopener\"><strong>Leer m\u00e1s<\/strong><\/a>\n    <button data-video=\"kfhVomYrM5k?si=pKOqK8Lplx4mRUI4\">Abrir Video<\/button>\n\n<\/p>\n<\/div><\/div>\n<\/div>\n<\/div>\n<\/div><\/div>\n\n\n\n<style>\n        \/* Basic Styling *\/\n\n        .wp-block-group button {\n            padding: 10px 20px;\n            margin: 10px;\n            background-color: #0047fe; \/* Blue *\/\n            color: white;\n            border: none;\n            cursor: pointer;\n            border-radius: 5px; \/* Rounded corners *\/\n            transition: background-color 0.3s ease; \/* Smooth transition for hover effect *\/\n        }\n\n        .wp-block-group button:hover {\n            background-color: #f0076f; \/* Pink *\/\n        }\n\n        .modal_vid {\n            display: none; \/* Hidden by default *\/\n            position: fixed;\n            z-index: 1;\n            left: 0;\n            top: 0;\n            width: 100%;\n            height: 100%;\n            overflow: auto;\n            background-color: rgba(0, 0, 0, 0.4); \/* Semi-transparent black background *\/\n        }\n\n        .modal_vid-content {\n            background-color: #fefefe;\n            margin: 15% auto; \/* 15% from the top and centered *\/\n            padding: 5px;\n            border: 1px solid #888;\n            width: 80%; \/* Could be more or less *\/\n            max-width: 800px; \/* Limit the maximum width *\/\n            position: relative; \/* For positioning the close button *\/\n            border-radius: 5px; \/* Rounded corners *\/\n        }\n        .modal_vid-content iframe{\n            width: 100%;\n            aspect-ratio: 16\/9; \/* Maintain aspect ratio (important!) *\/\n        }\n\n        .close_vid {\n            position: absolute;\n            top: 10px;\n            right: 20px;\n            font-size: 30px;\n            font-weight: bold;\n            color: #fff;\n            cursor: pointer;\n        }\n    <\/style>\n    <div id=\"videoModal\" class=\"modal_vid\">\n        <div class=\"modal_vid-content\">\n            <span class=\"close_vid\">\u00d7<\/span>\n            <iframe id=\"youtubeVideo\" title=\"YouTube video player\" frameborder=\"0\" allow=\"accelerometer; autoplay; clipboard-write; encrypted-media; gyroscope; picture-in-picture\" allowfullscreen=\"\"><\/iframe>\n        <\/div>\n    <\/div>\n<script>\n        const modal = document.getElementById(\"videoModal\");\n        const modalContent = document.querySelector(\".modal_vid-content\");\n        const videoFrame = document.getElementById(\"youtubeVideo\");\n        const closeButton = document.querySelector(\".close_vid\");\n        const buttons = document.querySelectorAll(\"button\");\n\n        buttons.forEach(button => {\n            button.addEventListener(\"click\", () => {\n                const videoId = button.dataset.video;\n                videoFrame.src = `https:\/\/www.youtube.com\/embed\/${videoId}`; \/\/ Use embed URL\n                modal.style.display = \"block\";\n            });\n        });\n\n        closeButton.addEventListener(\"click\", () => {\n            modal.style.display = \"none\";\n            videoFrame.src = \"\"; \/\/ Stop video when closing\n        });\n\n        window.addEventListener(\"click\", (event) => {\n            if (event.target == modal) {\n                modal.style.display = \"none\";\n                videoFrame.src = \"\"; \/\/ Stop video if clicking outside modal content\n            }\n        });\n    <\/script>\n","protected":false},"excerpt":{"rendered":"<p>Socios de ventas y compa\u00f1\u00eda certificada de Google Marketing Platform Tanto si necesitas ayuda con un proyecto como si necesitas una soluci\u00f3n global, tenemos los recursos y la experiencia que necesitas para ayudarte a lograr tus objetivos de marketing y ventas. Contact us OptiPhi Asignaci\u00f3n de presupuestos a los medios de comunicaci\u00f3n basada en un [&hellip;]<\/p>\n","protected":false},"author":1,"featured_media":0,"parent":0,"menu_order":0,"comment_status":"closed","ping_status":"closed","template":"","meta":[],"_links":{"self":[{"href":"https:\/\/gaussplatform.com\/es\/wp-json\/wp\/v2\/pages\/9"}],"collection":[{"href":"https:\/\/gaussplatform.com\/es\/wp-json\/wp\/v2\/pages"}],"about":[{"href":"https:\/\/gaussplatform.com\/es\/wp-json\/wp\/v2\/types\/page"}],"author":[{"embeddable":true,"href":"https:\/\/gaussplatform.com\/es\/wp-json\/wp\/v2\/users\/1"}],"replies":[{"embeddable":true,"href":"https:\/\/gaussplatform.com\/es\/wp-json\/wp\/v2\/comments?post=9"}],"version-history":[{"count":22,"href":"https:\/\/gaussplatform.com\/es\/wp-json\/wp\/v2\/pages\/9\/revisions"}],"predecessor-version":[{"id":414,"href":"https:\/\/gaussplatform.com\/es\/wp-json\/wp\/v2\/pages\/9\/revisions\/414"}],"wp:attachment":[{"href":"https:\/\/gaussplatform.com\/es\/wp-json\/wp\/v2\/media?parent=9"}],"curies":[{"name":"wp","href":"https:\/\/api.w.org\/{rel}","templated":true}]}}