{"id":8,"date":"2021-07-20T09:29:50","date_gmt":"2021-07-20T09:29:50","guid":{"rendered":"https:\/\/gaussplatform.com\/es\/?page_id=8"},"modified":"2025-02-26T14:18:15","modified_gmt":"2025-02-26T14:18:15","slug":"soluciones-meta","status":"publish","type":"page","link":"https:\/\/gaussplatform.com\/es\/soluciones-meta\/","title":{"rendered":"Soluciones Meta"},"content":{"rendered":"\n<div class=\"wp-block-group\"><div class=\"wp-block-group__inner-container\">\n<div class=\"wp-block-cover\"><img loading=\"lazy\" width=\"1440\" height=\"512\" class=\"wp-block-cover__image-background wp-image-90\" alt=\"\" src=\"https:\/\/gaussplatform.com\/es\/wp-content\/uploads\/sites\/2\/2021\/08\/img-hero-fb-solutions.jpg\" data-object-fit=\"cover\"\/><div class=\"wp-block-cover__inner-container\">\n<figure class=\"wp-block-image size-full is-resized container\"><img loading=\"lazy\" src=\"https:\/\/storage.googleapis.com\/gauss--corp-web--static--pro--storage--bc35\/wp-content\/uploads\/meta_partner.png\" alt=\"\" class=\"wp-image-293\" width=\"194\" height=\"111\" srcset=\"https:\/\/storage.googleapis.com\/gauss--corp-web--static--pro--storage--bc35\/wp-content\/uploads\/meta_partner.png 774w, https:\/\/storage.googleapis.com\/gauss--corp-web--static--pro--storage--bc35\/wp-content\/uploads\/meta_partner-300x172.png 300w, https:\/\/storage.googleapis.com\/gauss--corp-web--static--pro--storage--bc35\/wp-content\/uploads\/meta_partner-768x441.png 768w\" sizes=\"(max-width: 194px) 100vw, 194px\" \/><\/figure>\n\n\n\n<h1 class=\"has-text-align-left container\">Soluciones concretas a necesidades de marketing y ventas<\/h1>\n<\/div><\/div>\n<\/div><\/div>\n\n\n\n<div class=\"wp-block-group float-up\"><div class=\"wp-block-group__inner-container\">\n<div class=\"wp-block-columns\">\n<div class=\"wp-block-column\">\n<figure class=\"wp-block-image size-full\"><img loading=\"lazy\" width=\"687\" height=\"397\" src=\"https:\/\/gaussplatform.com\/es\/wp-content\/uploads\/sites\/2\/2021\/08\/img-fb-solutions.png\" alt=\"Soluci\u00f3n Facebook\" class=\"wp-image-70\"\/><\/figure>\n<\/div>\n\n\n\n<div class=\"wp-block-column is-vertically-aligned-bottom thin thin_768\">\n<h2 class=\"h3 mb-30\">Somos Meta Marketing Partners, lo que avala nuestra gran capacidad y experiencia en su plataforma y nos capacita para ofrecer soluciones que mejoren a\u00fan m\u00e1s el rendimiento de tus campa\u00f1as<\/h2>\n\n\n\n<p>Con este criterio, te puedes concentrar en lo que mejor sabes hacer, mientras nosotros desarrollamos soluciones tecnol\u00f3gicas para necesidades espec\u00edficas.<\/p>\n\n\n\n<p class=\"external-link\"><a href=\"https:\/\/gaussplatform.com\/es\/#form\"><strong>Contact us<\/strong><\/a><\/p>\n<\/div>\n<\/div>\n<\/div><\/div>\n\n\n\n<div class=\"wp-block-group module-soluciones container mt-big\"><div class=\"wp-block-group__inner-container\">\n<div class=\"wp-block-columns\">\n<div class=\"wp-block-column\">\n<div class=\"wp-block-group\"><div class=\"wp-block-group__inner-container\">\n<div class=\"wp-block-group\"><div class=\"wp-block-group__inner-container\">\n<figure class=\"wp-block-image size-full is-resized is-style-default\"><img loading=\"lazy\" src=\"https:\/\/storage.googleapis.com\/gauss--corp-web--static--pro--storage--bc35\/wp-content\/uploads\/planificacion.png\" alt=\"\" class=\"wp-image-545\" width=\"54\" height=\"54\" style=\"border-radius:0px;\"><\/figure>\n\n\n\n<h2 class=\"h1\">OptiPhi<\/h2>\n\n\n\n<p><meta charset=\"utf-8\">Asignaci\u00f3n de presupuestos a los medios de comunicaci\u00f3n basada en un marco de medici\u00f3n exhaustivo que permite incrementar las ventas.<\/p>\n\n\n\n<p class=\"external-link\"><a href=\"https:\/\/storage.googleapis.com\/gauss--corp-web--static--pro--storage--bc35\/wp-content\/uploads\/Onepager_OptiPhi_EN.pdf\" target=\"_blank\" rel=\"noopener\"><strong>Leer m\u00e1s<\/strong><\/a><a href=\"https:\/\/gaussplatform.com\/optiphi\/\" target=\"_blank\" rel=\"noopener\"><strong>Website<\/strong><\/a><button data-video=\"4qQ13LuscD4?si=XeMu-wCwyGuQmP5g\">Abrir Video<\/button><\/p>\n<\/div><\/div>\n<\/div><\/div>\n<\/div>\n\n\n\n<div class=\"wp-block-column\">\n<div class=\"wp-block-group\"><div class=\"wp-block-group__inner-container\">\n<figure class=\"wp-block-image size-large is-resized\"><img loading=\"lazy\" src=\"https:\/\/storage.googleapis.com\/gauss--corp-web--static--pro--storage--bc35\/wp-content\/uploads\/Smart-Advertising-e1738925779811.png\" alt=\"\" width=\"55\" height=\"55\"\/><\/figure>\n\n\n\n<h2 class=\"h1\">Smart Advertising<\/h2>\n\n\n\n<p>Inteligencia artificial aplicada a la optimizaci\u00f3n de la inversi\u00f3n en Facebook Ads.<\/p>\n\n\n\n<p>Atrae a tus audiencias de un modo m\u00e1s efectivo mostrando en Facebook el producto m\u00e1s adecuado a los intereses espec\u00edficos que cada usuario ha mostrado en tu web.<\/p>\n\n\n\n<p class=\"external-link\">\n<a href=\"https:\/\/storage.googleapis.com\/gauss--corp-web--static--pro--storage--bc35\/wp-content\/uploads\/Onepager_Gauss-Smart-Advertising_EN.pdf\" target=\"_blank\" rel=\"noopener\"><strong>Leer m\u00e1s<\/strong><\/a>      \n    <button data-video=\"L9iX7CFLUXE?si=mOrCyz632txZhgcn\">Abrir video<\/button>\n\n<\/p>\n<\/div><\/div>\n<\/div>\n<\/div>\n\n\n\n<div class=\"wp-block-columns\">\n<div class=\"wp-block-column\">\n<div class=\"wp-block-group\"><div class=\"wp-block-group__inner-container\">\n<figure class=\"wp-block-image size-full is-resized is-style-rounded\"><img loading=\"lazy\" src=\"https:\/\/storage.googleapis.com\/gauss--corp-web--static--pro--storage--bc35\/wp-content\/uploads\/Offline-Data-Connection.png\" alt=\"\" class=\"wp-image-513\" width=\"44\" height=\"27\"\/><\/figure>\n\n\n\n<h2 class=\"h1\">Offline Data Connection<\/h2>\n\n\n\n<p>Activa tus datos offline en plataformas de marketing de forma autom\u00e1tica y en tiempo real, alcanzando una visi\u00f3n completa del recorrido del cliente y optimizando tus campa\u00f1as a la fase del funnel en la que se encuentra tu target de valor.<\/p>\n\n\n\n<p class=\"external-link\">\n<a href=\"https:\/\/storage.googleapis.com\/gauss--corp-web--static--pro--storage--bc35\/wp-content\/uploads\/Onepager_Gauss-Offline-Data-Connection_EN.pdf\" target=\"_blank\" rel=\"noopener\"><strong>Leer m\u00e1s<\/strong><\/a>      \n\n<\/p>\n<\/div><\/div>\n\n\n\n<p><\/p>\n<\/div>\n\n\n\n<div class=\"wp-block-column\">\n<div class=\"wp-block-group\"><div class=\"wp-block-group__inner-container\">\n<figure class=\"wp-block-image size-full is-resized is-style-default\"><img loading=\"lazy\" src=\"https:\/\/storage.googleapis.com\/gauss--corp-web--static--pro--storage--bc35\/wp-content\/uploads\/TV.png\" alt=\"\" class=\"wp-image-516\" width=\"44\" height=\"27\"\/><\/figure>\n\n\n\n<h2 class=\"h1\">Gauss TV<\/h2>\n\n\n\n<p>Gauss TV es una plataforma que permite la planificaci\u00f3n integrada y la elaboraci\u00f3n de informes de campa\u00f1as de televisi\u00f3n lineal y conectada. Con ella, puedes planificar, medir y optimizar f\u00e1cilmente tus campa\u00f1as.<\/p>\n\n\n\n<p class=\"external-link\">\n<a href=\"https:\/\/storage.googleapis.com\/gauss--corp-web--static--pro--storage--bc35\/wp-content\/uploads\/One-Pager-TV.pdf\" target=\"_blank\" rel=\"noopener\"><strong>Leer m\u00e1s<\/strong><\/a>\n    <button data-video=\"kfhVomYrM5k?si=pKOqK8Lplx4mRUI4\">Abrir video<\/button>\n\n<\/p>\n<\/div><\/div>\n<\/div>\n<\/div>\n<\/div><\/div>\n\n\n\n<style>\n        \/* Basic Styling *\/\n\n        .wp-block-group button {\n            padding: 10px 20px;\n            margin: 10px;\n            background-color: #0047fe; \/* Blue *\/\n            color: white;\n            border: none;\n            cursor: pointer;\n            border-radius: 5px; \/* Rounded corners *\/\n            transition: background-color 0.3s ease; \/* Smooth transition for hover effect *\/\n        }\n\n        .wp-block-group button:hover {\n            background-color: #f0076f; \/* Pink *\/\n        }\n\n        .modal_vid {\n            display: none; \/* Hidden by default *\/\n            position: fixed;\n            z-index: 1;\n            left: 0;\n            top: 0;\n            width: 100%;\n            height: 100%;\n            overflow: auto;\n            background-color: rgba(0, 0, 0, 0.4); \/* Semi-transparent black background *\/\n        }\n\n        .modal_vid-content {\n            background-color: #fefefe;\n            margin: 15% auto; \/* 15% from the top and centered *\/\n            padding: 5px;\n            border: 1px solid #888;\n            width: 80%; \/* Could be more or less *\/\n            max-width: 800px; \/* Limit the maximum width *\/\n            position: relative; \/* For positioning the close button *\/\n            border-radius: 5px; \/* Rounded corners *\/\n        }\n        .modal_vid-content iframe{\n            width: 100%;\n            aspect-ratio: 16\/9; \/* Maintain aspect ratio (important!) *\/\n        }\n\n        .close_vid {\n            position: absolute;\n            top: 10px;\n            right: 20px;\n            font-size: 30px;\n            font-weight: bold;\n            color: #fff;\n            cursor: pointer;\n        }\n    <\/style>\n    <div id=\"videoModal\" class=\"modal_vid\">\n        <div class=\"modal_vid-content\">\n            <span class=\"close_vid\">\u00d7<\/span>\n            <iframe id=\"youtubeVideo\" title=\"YouTube video player\" frameborder=\"0\" allow=\"accelerometer; autoplay; clipboard-write; encrypted-media; gyroscope; picture-in-picture\" allowfullscreen=\"\"><\/iframe>\n        <\/div>\n    <\/div>\n<script>\n        const modal = document.getElementById(\"videoModal\");\n        const modalContent = document.querySelector(\".modal_vid-content\");\n        const videoFrame = document.getElementById(\"youtubeVideo\");\n        const closeButton = document.querySelector(\".close_vid\");\n        const buttons = document.querySelectorAll(\"button\");\n\n        buttons.forEach(button => {\n            button.addEventListener(\"click\", () => {\n                const videoId = button.dataset.video;\n                videoFrame.src = `https:\/\/www.youtube.com\/embed\/${videoId}`; \/\/ Use embed URL\n                modal.style.display = \"block\";\n            });\n        });\n\n        closeButton.addEventListener(\"click\", () => {\n            modal.style.display = \"none\";\n            videoFrame.src = \"\"; \/\/ Stop video when closing\n        });\n\n        window.addEventListener(\"click\", (event) => {\n            if (event.target == modal) {\n                modal.style.display = \"none\";\n                videoFrame.src = \"\"; \/\/ Stop video if clicking outside modal content\n            }\n        });\n    <\/script>\n\n\n\n<p><\/p>\n","protected":false},"excerpt":{"rendered":"<p>Somos Meta Marketing Partners, lo que avala nuestra gran capacidad y experiencia en su plataforma y nos capacita para ofrecer soluciones que mejoren a\u00fan m\u00e1s el rendimiento de tus campa\u00f1as Con este criterio, te puedes concentrar en lo que mejor sabes hacer, mientras nosotros desarrollamos soluciones tecnol\u00f3gicas para necesidades espec\u00edficas. Contact us OptiPhi Asignaci\u00f3n de [&hellip;]<\/p>\n","protected":false},"author":1,"featured_media":0,"parent":0,"menu_order":0,"comment_status":"closed","ping_status":"closed","template":"","meta":[],"_links":{"self":[{"href":"https:\/\/gaussplatform.com\/es\/wp-json\/wp\/v2\/pages\/8"}],"collection":[{"href":"https:\/\/gaussplatform.com\/es\/wp-json\/wp\/v2\/pages"}],"about":[{"href":"https:\/\/gaussplatform.com\/es\/wp-json\/wp\/v2\/types\/page"}],"author":[{"embeddable":true,"href":"https:\/\/gaussplatform.com\/es\/wp-json\/wp\/v2\/users\/1"}],"replies":[{"embeddable":true,"href":"https:\/\/gaussplatform.com\/es\/wp-json\/wp\/v2\/comments?post=8"}],"version-history":[{"count":15,"href":"https:\/\/gaussplatform.com\/es\/wp-json\/wp\/v2\/pages\/8\/revisions"}],"predecessor-version":[{"id":415,"href":"https:\/\/gaussplatform.com\/es\/wp-json\/wp\/v2\/pages\/8\/revisions\/415"}],"wp:attachment":[{"href":"https:\/\/gaussplatform.com\/es\/wp-json\/wp\/v2\/media?parent=8"}],"curies":[{"name":"wp","href":"https:\/\/api.w.org\/{rel}","templated":true}]}}